{"id":2,"date":"2020-10-11T13:19:36","date_gmt":"2020-10-11T13:19:36","guid":{"rendered":"https:\/\/sdgp.it\/commercialista\/?page_id=2"},"modified":"2021-10-11T16:07:24","modified_gmt":"2021-10-11T16:07:24","slug":"blog-commercialista-online","status":"publish","type":"page","link":"https:\/\/sdgp.it\/commercialista\/","title":{"rendered":"Commercialista online | Blog"},"content":{"rendered":"\n<p>Facciamo le cose diversamente.<\/p>\n\n\n\n<blockquote class=\"wp-block-quote is-layout-flow wp-block-quote-is-layout-flow\"><p>Approfondisci gli argomenti che ti interessano.<\/p><\/blockquote>\n\n\n\n<p>&#8230;La tua privacy rimane tua. Non vendiamo i tuoi dati n\u00e9 ti mostriamo annunci e non lo faremo Mai. <\/p>\n\n\n\n<blockquote class=\"wp-block-quote is-layout-flow wp-block-quote-is-layout-flow\"><p>Il nostro Blog non \u00e8 come qualsiasi altro blog su Internet. Il nostro unico scopo \u00e8 aiutarti a trovare idee, conoscenze e prospettive convincenti. Non pubblichiamo annunci, serviamo te, il lettore curioso che ama imparare cose nuove. Il Blog del commercialista online ospita migliaia di voci indipendenti e uniamo esseri umani e tecnologia per trovare la lettura migliore per te e filtrare il resto.<\/p><\/blockquote>\n\n\n\n<p>Seleziona quello che ti piace. Ti aiuteremo a trovare grandi cose da leggere. Scegli di collaborare e scopri un nuovo modo di fare consulenza.<\/p>\n\n\n\n<figure class=\"wp-block-pullquote\"><blockquote><p>Espandi la tua lettura. Espandi la tua mente.<\/p><\/blockquote><\/figure>\n\n\n\n<p><\/p>\n","protected":false},"excerpt":{"rendered":"<p>Facciamo le cose diversamente. Approfondisci gli argomenti che ti interessano. &#8230;La tua privacy rimane tua. Non vendiamo i tuoi dati n\u00e9 ti mostriamo annunci e non lo faremo Mai. Il nostro Blog non \u00e8 come qualsiasi altro blog su Internet. Il nostro unico scopo \u00e8&#8230;<\/p>\n","protected":false},"author":1,"featured_media":0,"parent":0,"menu_order":0,"comment_status":"closed","ping_status":"closed","template":"blog-masonry.php","meta":{"footnotes":""},"class_list":["post-2","page","type-page","status-publish","hentry"],"_links":{"self":[{"href":"https:\/\/sdgp.it\/commercialista\/wp-json\/wp\/v2\/pages\/2","targetHints":{"allow":["GET"]}}],"collection":[{"href":"https:\/\/sdgp.it\/commercialista\/wp-json\/wp\/v2\/pages"}],"about":[{"href":"https:\/\/sdgp.it\/commercialista\/wp-json\/wp\/v2\/types\/page"}],"author":[{"embeddable":true,"href":"https:\/\/sdgp.it\/commercialista\/wp-json\/wp\/v2\/users\/1"}],"replies":[{"embeddable":true,"href":"https:\/\/sdgp.it\/commercialista\/wp-json\/wp\/v2\/comments?post=2"}],"version-history":[{"count":1,"href":"https:\/\/sdgp.it\/commercialista\/wp-json\/wp\/v2\/pages\/2\/revisions"}],"predecessor-version":[{"id":59,"href":"https:\/\/sdgp.it\/commercialista\/wp-json\/wp\/v2\/pages\/2\/revisions\/59"}],"wp:attachment":[{"href":"https:\/\/sdgp.it\/commercialista\/wp-json\/wp\/v2\/media?parent=2"}],"curies":[{"name":"wp","href":"https:\/\/api.w.org\/{rel}","templated":true}]}}